{"id":208,"date":"2016-03-05T10:48:57","date_gmt":"2016-03-05T09:48:57","guid":{"rendered":"http:\/\/grabomfk.se\/?page_id=208"},"modified":"2025-11-28T23:16:07","modified_gmt":"2025-11-28T22:16:07","slug":"inomhusflyg","status":"publish","type":"page","link":"https:\/\/grabomfk.se\/?page_id=208","title":{"rendered":"Inomhusflyg"},"content":{"rendered":"<p>Under vinters\u00e4songen anordnar Gr\u00e5bo Modellflygklubb inomhusaktiviteter i gymnastikhallar runt om i komunen. Normalt sker det i Hj\u00e4llsn\u00e4shallen i Gr\u00e5bo men vid behov anv\u00e4nds \u00e4ven Rydsbergshallen i Lerum och\u00a0All\u00e9skolan i Floda<\/p>\n<div>P\u00e5 klubbens Facebooksida framg\u00e5r n\u00e4r och var inomhusflyget \u00e4ger rum.<\/div>\n<p>F\u00f6r att se karta och v\u00e4gbeskrivning till respektive hall, se sidan med <a title=\"Karta\" href=\"http:\/\/grabomfk.se\/?page_id=127\">kartor<\/a>.<\/p>\n","protected":false},"excerpt":{"rendered":"<p>Under vinters\u00e4songen anordnar Gr\u00e5bo Modellflygklubb inomhusaktiviteter i gymnastikhallar runt om i komunen. Normalt sker det i Hj\u00e4llsn\u00e4shallen i Gr\u00e5bo men vid behov anv\u00e4nds \u00e4ven Rydsbergshallen i Lerum och\u00a0All\u00e9skolan i Floda P\u00e5 klubbens Facebooksida framg\u00e5r n\u00e4r och var inomhusflyget \u00e4ger rum. F\u00f6r att se karta och v\u00e4gbeskrivning till respektive hall, se &#8230;<\/p>\n","protected":false},"author":1,"featured_media":0,"parent":0,"menu_order":0,"comment_status":"closed","ping_status":"open","template":"","meta":[],"_links":{"self":[{"href":"https:\/\/grabomfk.se\/index.php?rest_route=\/wp\/v2\/pages\/208"}],"collection":[{"href":"https:\/\/grabomfk.se\/index.php?rest_route=\/wp\/v2\/pages"}],"about":[{"href":"https:\/\/grabomfk.se\/index.php?rest_route=\/wp\/v2\/types\/page"}],"author":[{"embeddable":true,"href":"https:\/\/grabomfk.se\/index.php?rest_route=\/wp\/v2\/users\/1"}],"replies":[{"embeddable":true,"href":"https:\/\/grabomfk.se\/index.php?rest_route=%2Fwp%2Fv2%2Fcomments&post=208"}],"version-history":[{"count":8,"href":"https:\/\/grabomfk.se\/index.php?rest_route=\/wp\/v2\/pages\/208\/revisions"}],"predecessor-version":[{"id":589,"href":"https:\/\/grabomfk.se\/index.php?rest_route=\/wp\/v2\/pages\/208\/revisions\/589"}],"wp:attachment":[{"href":"https:\/\/grabomfk.se\/index.php?rest_route=%2Fwp%2Fv2%2Fmedia&parent=208"}],"curies":[{"name":"wp","href":"https:\/\/api.w.org\/{rel}","templated":true}]}}