{"id":118,"date":"2012-08-31T22:01:31","date_gmt":"2012-08-31T21:01:31","guid":{"rendered":"http:\/\/grabomfk.se\/?page_id=118"},"modified":"2025-12-12T11:49:08","modified_gmt":"2025-12-12T10:49:08","slug":"presentation","status":"publish","type":"page","link":"https:\/\/grabomfk.se\/?page_id=118","title":{"rendered":"Presentation"},"content":{"rendered":"<p><span style=\"font-size: small;\"><strong>Presentation<\/strong><\/span><\/p>\n<p>Gr\u00e5bo Modellflygklubb bildades 1973 av ett 20-tal modellflygare i Gr\u00e5bo. Klubben \u00e4r ansluten till Sveriges Modellflygf\u00f6rbund (SMFF), som i sin tur \u00e4r anslutet till Flygsportf\u00f6rbundet \/ Riksidrottsf\u00f6rbundet. Modellflyg \u00e4r mao en del av idrotts-Sverige, vilket inte f\u00f6rv\u00e5nar med tanke p\u00e5 de omv\u00e4xlande former av s\u00e5v\u00e4l fysisk, mental som teknisk aktivitet sporten erbjuder!<\/p>\n<p>Redan ett \u00e5r efter bildandet, 1974, fick klubben disponera ett stycke \u00e5kermark i anslutning till samh\u00e4llet och har d\u00e4r sedan dess ett ca 10.000 kvadratmeter stort gr\u00e4sbevuxet modellflygf\u00e4lt, &#8221;Backlanda&#8221;. P\u00e5 grund av n\u00e4rheten till medlemmarnas hem var behov av en klubbstuga inte varit s\u00e4rskilt angel\u00e4get utan byggkv\u00e4llar bedrevs till en b\u00f6rjan i en skolsl\u00f6jdsal och senare i en egen klubblokal. Sedan ett antal \u00e5r har klubben en klubbstuga vid f\u00e4ltet d\u00e4r tr\u00e4ffar h\u00e5lls regelbundet. Se klubbens Facebooksida f\u00f6r datum.<\/p>\n<p>Alla former av modellflyg har bedrivits i klubben under \u00e5rens lopp: friflyg, linflyg och givetvis radiokontrollflyg (RC-flyg). Intresset f\u00f6r RC-helikopter har vuxit starkt under de senare \u00e5ren. Verksamheten har tidvis varit mycket livlig, antingen det g\u00e4llt ett framg\u00e5ngsrikt t\u00e4vlande s\u00e5v\u00e4l inom som utom klubben eller att bara flyga f\u00f6r n\u00f6jes skull, &#8221;s\u00f6ndagsflyg&#8221;. Otaliga \u00e4r de stunder klubbmedlemmarna suttit p\u00e5 b\u00e4nkarna vid f\u00e4ltet och &#8221;studerat&#8221; kamraternas flyg\u00f6vningar under trivsamt samspr\u00e5k och kommenterande! Just RC-&#8221;s\u00f6ndagsflyg&#8221; \u00e4r f\u00f6r \u00f6vrigt det som numera f\u00f6rekommer mest!<\/p>\n<p>En annan verksamhet som klubben gjort sig k\u00e4nd f\u00f6r i modellflyg-Sverige \u00e4r v\u00e5r \u00e5rliga SWAP-marknad f\u00f6r att s\u00e4lja\/byta\/k\u00f6pa begagnat\/nytt modellflyg- och annat hobbymaterial, ett mycket uppskattat arrangemang inte minst f\u00f6r den trivsamma och avkommersialiserade framtoningen. Att sedan klubbmedlemmar \u00e4ven gjort sig k\u00e4nda f\u00f6r avancerade motorbyggen mm har naturligtvis ytterligare f\u00f6rst\u00e4rkt &#8221;k\u00e4ndisskapet&#8221;!<\/p>\n<p>Klubben har traditionellt haft sin f\u00f6rankring bland modellflygare i Gr\u00e5bo med omnejd och den principen \u00e4r fortfarande g\u00e4llande, fr\u00e4mst f\u00f6r att genom geografisk n\u00e4rhet underl\u00e4tta kontakter och gemenskaphetsk\u00e4nsla. De senaste \u00e5ren har dock en visst tillskott av friskt blod skett \u00e4ven fr\u00e5n andra delar av Stor-G\u00f6teborg vilket \u00e4r en positiv utveckling.<\/p>\n<p>\u00c4r Du modellflygare och k\u00e4nner ett behov av kontakt och samvaro med andra likasinnade f\u00f6r utbyte och det st\u00f6d en grupp kan \u00e5stadkomma tillsammans \u00e4r Du v\u00e4lkommen kontakta oss. Ocks\u00e5 Du som kanske just nu bara vill k\u00e4nna Dig f\u00f6r f\u00e5r g\u00e4rna ta en kontakt! Vi kan i f\u00f6rsta hand kanske bidra med r\u00e5d och tips, \u00e4ven viss tr\u00e4ning och flygm\u00f6jlighet. Om Du sedan k\u00e4nner att Du vill ta del av klubbens gemenskap och verksamhet kan medlemskap erbjudas!<\/p>\n","protected":false},"excerpt":{"rendered":"<p>Presentation Gr\u00e5bo Modellflygklubb bildades 1973 av ett 20-tal modellflygare i Gr\u00e5bo. Klubben \u00e4r ansluten till Sveriges Modellflygf\u00f6rbund (SMFF), som i sin tur \u00e4r anslutet till Flygsportf\u00f6rbundet \/ Riksidrottsf\u00f6rbundet. Modellflyg \u00e4r mao en del av idrotts-Sverige, vilket inte f\u00f6rv\u00e5nar med tanke p\u00e5 de omv\u00e4xlande former av s\u00e5v\u00e4l fysisk, mental som teknisk &#8230;<\/p>\n","protected":false},"author":1,"featured_media":0,"parent":0,"menu_order":0,"comment_status":"closed","ping_status":"open","template":"","meta":[],"_links":{"self":[{"href":"https:\/\/grabomfk.se\/index.php?rest_route=\/wp\/v2\/pages\/118"}],"collection":[{"href":"https:\/\/grabomfk.se\/index.php?rest_route=\/wp\/v2\/pages"}],"about":[{"href":"https:\/\/grabomfk.se\/index.php?rest_route=\/wp\/v2\/types\/page"}],"author":[{"embeddable":true,"href":"https:\/\/grabomfk.se\/index.php?rest_route=\/wp\/v2\/users\/1"}],"replies":[{"embeddable":true,"href":"https:\/\/grabomfk.se\/index.php?rest_route=%2Fwp%2Fv2%2Fcomments&post=118"}],"version-history":[{"count":6,"href":"https:\/\/grabomfk.se\/index.php?rest_route=\/wp\/v2\/pages\/118\/revisions"}],"predecessor-version":[{"id":593,"href":"https:\/\/grabomfk.se\/index.php?rest_route=\/wp\/v2\/pages\/118\/revisions\/593"}],"wp:attachment":[{"href":"https:\/\/grabomfk.se\/index.php?rest_route=%2Fwp%2Fv2%2Fmedia&parent=118"}],"curies":[{"name":"wp","href":"https:\/\/api.w.org\/{rel}","templated":true}]}}