{"id":60,"date":"2012-08-31T08:37:11","date_gmt":"2012-08-31T07:37:11","guid":{"rendered":"http:\/\/grabomfk.se\/?page_id=60"},"modified":"2025-12-12T12:12:34","modified_gmt":"2025-12-12T11:12:34","slug":"medlemsskap","status":"publish","type":"page","link":"http:\/\/grabomfk.se\/?page_id=60","title":{"rendered":"Medlemsskap"},"content":{"rendered":"<p>Vill du bli medlem i Gr\u00e5bo Modellflygklubb?<br \/>\nKontakta d\u00e5 klubben p\u00e5 <a href=\"mailto:info@grabomfk.se\">info@grabomfk.se<\/a><\/p>\n<p>Var god betala in till bankgiro eller swish!<\/p>\n<p><strong>Senior: 1200:-<\/strong> (medlemsavgift: 1000:-, f\u00f6rbundsavgifter: 200:-).<br \/>\nOm du \u00e4r ansluten till SMFF via annan klubb betalas endast 1000:-, ange vilken din registrerade klubb \u00e4r.<br \/>\nNy medlem: ange via e-post till GMFK vilken din registrerande klubb d\u00e5 \u00e4r.<br \/>\nFrivillig \u00e5ldersrabatt p\u00e5 \u00e5rsavgiften fr\u00e5n 67 \u00e5rs \u00e5lder 150:-<\/p>\n<p><strong>Junior: 300:-<\/strong> (medlemsavgift: 300:-, f\u00f6rbundsavgifter: 0:-).<\/p>\n<p><strong>St\u00f6d: 300:-<\/strong><br \/>\n(ej registrerad i SMFF och kan allts\u00e5 inte flyga, men \u00e4r givetvis alltid v\u00e4lkommen p\u00e5 m\u00f6ten och sammankomster arrangerade av klubben)<\/p>\n<p>OBS! Bankgiro nr: 3138385 \u201dGr\u00e5bo Modellflygklubb\u201d<br \/>\nSwish: 123 393 25 97 \u201dGR\u00c5BO MODELLFLYGKLUBB\u201d<\/p>\n<p><strong><em>Gl\u00f6m inte att ge tillr\u00e4ckliga uppgifter s\u00e5 vi ser vem betalningen avser.<\/em><\/strong><br \/>\n\u201dF\u00f6r &amp; Efternamn\u201d, SMFF-nr, Adress. Det som \u00e4r m\u00f6jligt via er inbetalningsmetod, d\u00e5 det skiljer mellan olika banker.<\/p>\n<p><strong>F\u00f6r t\u00e4vlande!<br \/>\n<\/strong><b><span lang=\"SV\" style=\"font-family: 'Calibri',sans-serif;\">Svenska t\u00e4vlingslicenser best\u00e4lls och betalas av den enskilde i Cardskipper.<br \/>\n<\/span><\/b><i><span lang=\"SV\" style=\"font-size: 11.0pt; font-family: 'Calibri',sans-serif;\">Gl\u00f6m ej att v\u00e4lja r\u00e4tt t\u00e4vlingsklass vid best\u00e4llning!<br \/>\n<\/span><\/i><b><span lang=\"SV\" style=\"font-family: 'Calibri',sans-serif;\">FAI t\u00e4vlingslicens l\u00f6ser ni p\u00e5:<\/span><\/b><span lang=\"SV\"><a href=\"https:\/\/flygsport.se\/verksamhet\/tavlingsverksamhet\/fai-sportlicens\"><b><span style=\"font-family: 'Calibri',sans-serif;\">https:\/\/flygsport.se\/verksamhet\/tavlingsverksamhet\/fai-sportlicens<\/span><\/b><\/a><\/span><\/p>\n<p><em><strong>Alla medlemmar \u00f6ver 18 \u00e5r m\u00e5ste meddela sitt operat\u00f6rs-id till klubben!<\/strong><\/em><br \/>\nDu meddelar ditt operat\u00f6rs-ID via e-post, \u00e4ven medlemmar med annan moderklubb.<br \/>\nRegistrering som operat\u00f6r g\u00f6rs p\u00e5 transportstyrelsen\u00b4s hemsida.<\/p>\n<p><strong>E-post till klubben: \u00a0<a href=\"mailto:info@grabomfk.se\">info@grabomfk.se<\/a><\/strong><\/p>\n<p><strong>Kass\u00f6r: Peter Sandin Tel: 0721-65 49 56, <a href=\"mailto:stp.sandin@gmail.com\">stp.sandin@gmail.com<\/a><\/strong><br \/>\n<strong>Ordf\u00f6rande: Stefan Wickelgren Tel: 0735-24 00 44, Epost: <\/strong><a href=\"mailto:stefan@wickelgren.se\"><strong>stefan@wickelgren.se<\/strong><\/a><\/p>\n<p><strong>Med v\u00e4nlig h\u00e4lsning Gr\u00e5bo Modellflygklubb!<\/strong><\/p>\n","protected":false},"excerpt":{"rendered":"<p>Vill du bli medlem i Gr\u00e5bo Modellflygklubb? Kontakta d\u00e5 klubben p\u00e5 info@grabomfk.se Var god betala in till bankgiro eller swish! Senior: 1200:- (medlemsavgift: 1000:-, f\u00f6rbundsavgifter: 200:-). Om du \u00e4r ansluten till SMFF via annan klubb betalas endast 1000:-, ange vilken din registrerade klubb \u00e4r. Ny medlem: ange via e-post till &#8230;<\/p>\n","protected":false},"author":1,"featured_media":0,"parent":28,"menu_order":1,"comment_status":"closed","ping_status":"closed","template":"","meta":[],"_links":{"self":[{"href":"http:\/\/grabomfk.se\/index.php?rest_route=\/wp\/v2\/pages\/60"}],"collection":[{"href":"http:\/\/grabomfk.se\/index.php?rest_route=\/wp\/v2\/pages"}],"about":[{"href":"http:\/\/grabomfk.se\/index.php?rest_route=\/wp\/v2\/types\/page"}],"author":[{"embeddable":true,"href":"http:\/\/grabomfk.se\/index.php?rest_route=\/wp\/v2\/users\/1"}],"replies":[{"embeddable":true,"href":"http:\/\/grabomfk.se\/index.php?rest_route=%2Fwp%2Fv2%2Fcomments&post=60"}],"version-history":[{"count":18,"href":"http:\/\/grabomfk.se\/index.php?rest_route=\/wp\/v2\/pages\/60\/revisions"}],"predecessor-version":[{"id":598,"href":"http:\/\/grabomfk.se\/index.php?rest_route=\/wp\/v2\/pages\/60\/revisions\/598"}],"up":[{"embeddable":true,"href":"http:\/\/grabomfk.se\/index.php?rest_route=\/wp\/v2\/pages\/28"}],"wp:attachment":[{"href":"http:\/\/grabomfk.se\/index.php?rest_route=%2Fwp%2Fv2%2Fmedia&parent=60"}],"curies":[{"name":"wp","href":"https:\/\/api.w.org\/{rel}","templated":true}]}}