{"id":47,"date":"2012-08-30T20:43:05","date_gmt":"2012-08-30T19:43:05","guid":{"rendered":"http:\/\/grabomfk.se\/?page_id=47"},"modified":"2025-12-12T12:20:10","modified_gmt":"2025-12-12T11:20:10","slug":"kontakt","status":"publish","type":"page","link":"http:\/\/grabomfk.se\/?page_id=47","title":{"rendered":"Kontakt"},"content":{"rendered":"<p>Vill du b\u00f6rja flyga modellflyg eller \u00e4r intresserad av v\u00e5r verksamhet? H\u00f6r av dig till n\u00e5gon av nedanst\u00e5ende personer eller skicka ett meddelande via formul\u00e4ret s\u00e5 \u00e5terkommer vi.<\/p>\n<p>Ordf\u00f6rande: Stefan Wickelgren<br \/>\nTfn: 0735-240044<\/p>\n<p>Kass\u00f6r: Peter Sandin<br \/>\nTfn: 0721-654956<\/p>\n<p>Webansvarig: Bert Axelsson<br \/>\nTfn: 0703-489722<\/p>\n\n<div class=\"wpcf7 no-js\" id=\"wpcf7-f46-o1\" lang=\"\" dir=\"ltr\">\n<div class=\"screen-reader-response\"><p role=\"status\" aria-live=\"polite\" aria-atomic=\"true\"><\/p> <ul><\/ul><\/div>\n<form action=\"\/index.php?rest_route=%2Fwp%2Fv2%2Fpages%2F47#wpcf7-f46-o1\" method=\"post\" class=\"wpcf7-form init\" aria-label=\"Kontaktformul\u00e4r\" novalidate=\"novalidate\" data-status=\"init\">\n<div style=\"display: none;\">\n<input type=\"hidden\" name=\"_wpcf7\" value=\"46\" \/>\n<input type=\"hidden\" name=\"_wpcf7_version\" value=\"5.7.6\" \/>\n<input type=\"hidden\" name=\"_wpcf7_locale\" value=\"\" \/>\n<input type=\"hidden\" name=\"_wpcf7_unit_tag\" value=\"wpcf7-f46-o1\" \/>\n<input type=\"hidden\" name=\"_wpcf7_container_post\" value=\"0\" \/>\n<input type=\"hidden\" name=\"_wpcf7_posted_data_hash\" value=\"\" \/>\n<\/div>\n<p>*Ditt namn\n<\/p>\n<p><span class=\"wpcf7-form-control-wrap\" data-name=\"your-name\"><input size=\"40\" class=\"wpcf7-form-control wpcf7-text wpcf7-validates-as-required\" aria-required=\"true\" aria-invalid=\"false\" value=\"\" type=\"text\" name=\"your-name\" \/><\/span>\n<\/p>\n<p>*Din epostadress\n<\/p>\n<p><span class=\"wpcf7-form-control-wrap\" data-name=\"your-email\"><input size=\"40\" class=\"wpcf7-form-control wpcf7-text wpcf7-email wpcf7-validates-as-required wpcf7-validates-as-email\" aria-required=\"true\" aria-invalid=\"false\" value=\"\" type=\"email\" name=\"your-email\" \/><\/span>\n<\/p>\n<p>\u00c4mne\n<\/p>\n<p><span class=\"wpcf7-form-control-wrap\" data-name=\"your-subject\"><input size=\"40\" class=\"wpcf7-form-control wpcf7-text\" aria-invalid=\"false\" value=\"\" type=\"text\" name=\"your-subject\" \/><\/span>\n<\/p>\n<p>Meddelande\n<\/p>\n<p><span class=\"wpcf7-form-control-wrap\" data-name=\"your-message\"><textarea cols=\"40\" rows=\"10\" class=\"wpcf7-form-control wpcf7-textarea\" aria-invalid=\"false\" name=\"your-message\"><\/textarea><\/span>\n<\/p>\n<p><input class=\"wpcf7-form-control has-spinner wpcf7-submit\" type=\"submit\" value=\"Skicka\" \/>\n<\/p><div class=\"wpcf7-response-output\" aria-hidden=\"true\"><\/div>\n<\/form>\n<\/div>\n\n","protected":false},"excerpt":{"rendered":"<p>Vill du b\u00f6rja flyga modellflyg eller \u00e4r intresserad av v\u00e5r verksamhet? H\u00f6r av dig till n\u00e5gon av nedanst\u00e5ende personer eller skicka ett meddelande via formul\u00e4ret s\u00e5 \u00e5terkommer vi. Ordf\u00f6rande: Stefan Wickelgren Tfn: 0735-240044 Kass\u00f6r: Peter Sandin Tfn: 0721-654956 Webansvarig: Bert Axelsson Tfn: 0703-489722<\/p>\n","protected":false},"author":1,"featured_media":0,"parent":0,"menu_order":0,"comment_status":"closed","ping_status":"closed","template":"","meta":[],"_links":{"self":[{"href":"http:\/\/grabomfk.se\/index.php?rest_route=\/wp\/v2\/pages\/47"}],"collection":[{"href":"http:\/\/grabomfk.se\/index.php?rest_route=\/wp\/v2\/pages"}],"about":[{"href":"http:\/\/grabomfk.se\/index.php?rest_route=\/wp\/v2\/types\/page"}],"author":[{"embeddable":true,"href":"http:\/\/grabomfk.se\/index.php?rest_route=\/wp\/v2\/users\/1"}],"replies":[{"embeddable":true,"href":"http:\/\/grabomfk.se\/index.php?rest_route=%2Fwp%2Fv2%2Fcomments&post=47"}],"version-history":[{"count":25,"href":"http:\/\/grabomfk.se\/index.php?rest_route=\/wp\/v2\/pages\/47\/revisions"}],"predecessor-version":[{"id":602,"href":"http:\/\/grabomfk.se\/index.php?rest_route=\/wp\/v2\/pages\/47\/revisions\/602"}],"wp:attachment":[{"href":"http:\/\/grabomfk.se\/index.php?rest_route=%2Fwp%2Fv2%2Fmedia&parent=47"}],"curies":[{"name":"wp","href":"https:\/\/api.w.org\/{rel}","templated":true}]}}