{"id":179,"date":"2025-11-27T23:30:42","date_gmt":"2025-11-27T22:30:42","guid":{"rendered":"http:\/\/grabomfk.se\/?page_id=179"},"modified":"2025-12-12T13:09:37","modified_gmt":"2025-12-12T12:09:37","slug":"grasklippning","status":"publish","type":"page","link":"http:\/\/grabomfk.se\/?page_id=179","title":{"rendered":"Gr\u00e4sklippning"},"content":{"rendered":"\n<p>Gr\u00e4sklippning sker enligt lista som skickas ut till medlemmarna. Listan finns \u00e4ven under menyfliken &#8221;Medlemssida&#8221;. <\/p>\n\n\n\n<p>Tidpunkt f\u00f6r klippning och frekvens styrs av v\u00e4dret under klippveckan. Om m\u00f6jligt b\u00f6r den som klipper meddela i f\u00f6rv\u00e4g i Gr\u00e5bo Mfks Facebook-grupp.<\/p>\n\n\n\n<p>Notera att flygning under tiden gr\u00e4sklippning sker inte \u00e4r till\u00e5ten. Undantag endast efter \u00f6verenskommelse med den som klipper.<\/p>\n\n\n\n<p><\/p>\n","protected":false},"excerpt":{"rendered":"<p>Gr\u00e4sklippning sker enligt lista som skickas ut till medlemmarna. Listan finns \u00e4ven under menyfliken &#8221;Medlemssida&#8221;. Tidpunkt f\u00f6r klippning och frekvens styrs av v\u00e4dret under klippveckan. Om m\u00f6jligt b\u00f6r den som klipper meddela i f\u00f6rv\u00e4g i Gr\u00e5bo Mfks Facebook-grupp. Notera att flygning under tiden gr\u00e4sklippning sker inte \u00e4r till\u00e5ten. Undantag endast &#8230;<\/p>\n","protected":false},"author":1,"featured_media":0,"parent":0,"menu_order":0,"comment_status":"closed","ping_status":"open","template":"","meta":[],"_links":{"self":[{"href":"http:\/\/grabomfk.se\/index.php?rest_route=\/wp\/v2\/pages\/179"}],"collection":[{"href":"http:\/\/grabomfk.se\/index.php?rest_route=\/wp\/v2\/pages"}],"about":[{"href":"http:\/\/grabomfk.se\/index.php?rest_route=\/wp\/v2\/types\/page"}],"author":[{"embeddable":true,"href":"http:\/\/grabomfk.se\/index.php?rest_route=\/wp\/v2\/users\/1"}],"replies":[{"embeddable":true,"href":"http:\/\/grabomfk.se\/index.php?rest_route=%2Fwp%2Fv2%2Fcomments&post=179"}],"version-history":[{"count":3,"href":"http:\/\/grabomfk.se\/index.php?rest_route=\/wp\/v2\/pages\/179\/revisions"}],"predecessor-version":[{"id":613,"href":"http:\/\/grabomfk.se\/index.php?rest_route=\/wp\/v2\/pages\/179\/revisions\/613"}],"wp:attachment":[{"href":"http:\/\/grabomfk.se\/index.php?rest_route=%2Fwp%2Fv2%2Fmedia&parent=179"}],"curies":[{"name":"wp","href":"https:\/\/api.w.org\/{rel}","templated":true}]}}