{"id":124,"date":"2012-08-31T22:10:01","date_gmt":"2012-08-31T21:10:01","guid":{"rendered":"http:\/\/grabomfk.se\/?page_id=124"},"modified":"2025-11-27T16:25:47","modified_gmt":"2025-11-27T15:25:47","slug":"swapmeeting","status":"publish","type":"page","link":"http:\/\/grabomfk.se\/?page_id=124","title":{"rendered":"Hobbymarknaden genomf\u00f6rd"},"content":{"rendered":"<h4>2015 \u00e5rs marknad<\/h4>\n<div style=\"color: #000000;\"><em>S\u00e5 var 2015 \u00e5rs&nbsp;marknad och utst\u00e4llning \u00f6ver.&nbsp; Vi hoppas att ni som kom fick med er n\u00e5got trevligt hem. Antingen i form av n\u00e5got att bygga eller&nbsp; n\u00e5gon ny inspiration.&nbsp; Kanske tr\u00e4ffat n\u00e5gon gammal hobbykompis eller funnit n\u00e5gon ny bekantskap. Vi som arrangerade \u00e4r lika glada och ibland f\u00f6rv\u00e5nade att s\u00e5 m\u00e5nga hittar till v\u00e5r marknad trots<\/em><\/div>\n<div style=\"color: #000000;\"><em>ganska ringa annonsering. Vi tar g\u00e4rna emot synpunkter och ideer om hur vi kan f\u00f6rb\u00e4ttra, eller g\u00f6ra marknaden \u00e4nnu mer intressant.<\/em><\/div>\n<div style=\"color: #000000;\"><\/div>\n<div style=\"color: #000000;\"><em>Ett stort tack till er alla som kom och till klubbens funktion\u00e4rer f\u00f6r att ni kom och st\u00e4llde upp.<\/em><\/div>\n<div style=\"color: #000000;\"><\/div>\n<div style=\"color: #000000;\"><a href=\"https:\/\/www.facebook.com\/GraboModellflygklubb\/photos_stream\" target=\"_blank\" rel=\"noopener\"><em>Bes\u00f6k g\u00e4rna v\u00e5r Facebook-sida d\u00e4r ni finner bilder fr\u00e5n 2015 \u00e5rs marknad.&nbsp;<\/em><\/a><\/div>\n<div style=\"color: #000000;\"><\/div>\n<div style=\"color: #000000;\"><\/div>\n<div style=\"color: #000000;\"><\/div>\n<div style=\"color: #000000;\">\n<hr>\n<\/div>\n<h4 style=\"color: #000000;\">Lite om marknaden:<\/h4>\n<p>Varje \u00e5r anordnar Gr\u00e5bo Modellflygklubb en bytesmarknad som tidigare huserat i Gr\u00e5bo Byggdeg\u00e5rd, men numera h\u00e5lls det i F\u00f6rbo-hallen i Stenkullen. Detta \u00e4r ett ypperligt tillf\u00e4lle f\u00f6r entusiaster som vill k\u00f6pa eller s\u00e4lja hobbygrejer. Det \u00e4r ocks\u00e5 ett levande forum f\u00f6r nyb\u00f6rjare som \u00e4r p\u00e5 v\u00e4g att ta steget in i en sp\u00e4nnande hobby.<\/p>\n<p>Det \u00e4r m\u00e5nga privatpersoner som hyr bord f\u00f6r att avyttra det som de inte l\u00e4ngre har anv\u00e4ndning av, men det \u00e4r ocks\u00e5 en handfull handlare som passar p\u00e5 att visa upp sig.<\/p>\n<p>Normalt sker bytesmarknaden i slutet av april varje \u00e5r.<\/p>\n<p>H\u00e4r \u00e4r en teaser fr\u00e5n 2013 \u00e5rs meeting:<\/p>\n<p><iframe loading=\"lazy\" title=\"Gr\u00e5bo MFK SWAP 2013_4\" width=\"700\" height=\"394\" src=\"https:\/\/www.youtube.com\/embed\/JA_ghBLNkIM?feature=oembed\" frameborder=\"0\" allow=\"accelerometer; autoplay; clipboard-write; encrypted-media; gyroscope; picture-in-picture\" allowfullscreen><\/iframe><\/p>\n<p>2013 \u00e5rs&nbsp;marknad&nbsp;inneh\u00f6ll \u00e4ven olika aktiviteter s\u00e5som till exempel uppvisningsflyg med helikopter. H\u00e4r flyger Freddan Kjellstr\u00f6m en T-rex 450:<\/p>\n<p><iframe loading=\"lazy\" title=\"Freddan pa\u030a Gra\u030abo swap meeting\" width=\"700\" height=\"394\" src=\"https:\/\/www.youtube.com\/embed\/laPT7sslY2k?feature=oembed\" frameborder=\"0\" allow=\"accelerometer; autoplay; clipboard-write; encrypted-media; gyroscope; picture-in-picture\" allowfullscreen><\/iframe><\/p>\n<p>&nbsp;<\/p>\n","protected":false},"excerpt":{"rendered":"<p>2015 \u00e5rs marknad S\u00e5 var 2015 \u00e5rs&nbsp;marknad och utst\u00e4llning \u00f6ver.&nbsp; Vi hoppas att ni som kom fick med er n\u00e5got trevligt hem. Antingen i form av n\u00e5got att bygga eller&nbsp; n\u00e5gon ny inspiration.&nbsp; Kanske tr\u00e4ffat n\u00e5gon gammal hobbykompis eller funnit n\u00e5gon ny bekantskap. Vi som arrangerade \u00e4r lika glada och &#8230;<\/p>\n","protected":false},"author":1,"featured_media":0,"parent":0,"menu_order":0,"comment_status":"closed","ping_status":"open","template":"","meta":[],"_links":{"self":[{"href":"http:\/\/grabomfk.se\/index.php?rest_route=\/wp\/v2\/pages\/124"}],"collection":[{"href":"http:\/\/grabomfk.se\/index.php?rest_route=\/wp\/v2\/pages"}],"about":[{"href":"http:\/\/grabomfk.se\/index.php?rest_route=\/wp\/v2\/types\/page"}],"author":[{"embeddable":true,"href":"http:\/\/grabomfk.se\/index.php?rest_route=\/wp\/v2\/users\/1"}],"replies":[{"embeddable":true,"href":"http:\/\/grabomfk.se\/index.php?rest_route=%2Fwp%2Fv2%2Fcomments&post=124"}],"version-history":[{"count":14,"href":"http:\/\/grabomfk.se\/index.php?rest_route=\/wp\/v2\/pages\/124\/revisions"}],"predecessor-version":[{"id":570,"href":"http:\/\/grabomfk.se\/index.php?rest_route=\/wp\/v2\/pages\/124\/revisions\/570"}],"wp:attachment":[{"href":"http:\/\/grabomfk.se\/index.php?rest_route=%2Fwp%2Fv2%2Fmedia&parent=124"}],"curies":[{"name":"wp","href":"https:\/\/api.w.org\/{rel}","templated":true}]}}